{"id":2718,"date":"2022-11-28T11:38:02","date_gmt":"2022-11-28T17:38:02","guid":{"rendered":"http:\/\/shoop-insurance-agency.one.zysites.com\/faq\/"},"modified":"2022-11-28T13:15:49","modified_gmt":"2022-11-28T19:15:49","slug":"faq","status":"publish","type":"page","link":"https:\/\/www.shoopins.com\/es\/faq\/","title":{"rendered":"FAQ"},"content":{"rendered":"<style><span data-mce-type=\"bookmark\" style=\"display: inline-block; width: 0px; overflow: hidden; line-height: 0;\" class=\"mce_SELRES_start\">\ufeff<\/span><br \/>.faq-answer {<br \/>height: 250px;<br \/>scroll-margin-top: 125px;<br \/>}<br \/>.faq-answer-long {<br \/>height: 475px;<br \/>scroll-margin-top: 125px;<br \/>}<br \/><\/style>\n<div class=\"container\">\n<ol>\n<li><a href=\"#faq1\">\u00bfNecesito una licencia de conducir estatal para obtener un seguro?<\/a><\/li>\n<li><a href=\"#faq2\">\u00bfPuedo hacer mis pagos en su oficina?<\/a><\/li>\n<li><a href=\"#faq3\">\u00bfCu\u00e1les son tus horas de oficina?<\/a><\/li>\n<li><a href=\"#faq4\">\u00bfPuedo enviar mi pago por correo a la oficina?<\/a><\/li>\n<li><a href=\"#faq5\">\u00bfQu\u00e9 hago si tengo un accidente automovil\u00edstico?<\/a><\/li>\n<li><a href=\"#faq6\">Cuando alquilo un auto, \u00bfdebo comprar la cobertura adicional que ofrece la compa\u00f1\u00eda de alquiler?<\/a><\/li>\n<li><a href=\"#faq7\">\u00bfNecesito cobertura de reembolso de alquiler?<\/a><\/li>\n<li><a href=\"#faq8\">\u00bfPor qu\u00e9 el costo de reposici\u00f3n de mi casa es diferente al valor de mercado?<\/a><\/li>\n<\/ol>\n<div id=\"faq1\" class=\"faq-answer\">\n<h3>\u00bfNecesito una licencia de conducir estatal para obtener un seguro?<\/h3>\n<p>No. En muchos casos, podemos brindarle cobertura de seguro sin una licencia de conducir.<\/p>\n<p><a href=\"http:\/\/shoop-insurance-agency.one.zysites.com\/es\/faq\/\">Volver arriba<\/a><\/p>\n<\/div>\n<div id=\"faq2\" class=\"faq-answer\">\n<h3>\u00bfPuedo hacer mis pagos en su oficina?<\/h3>\n<p>S\u00cd, podemos aceptar sus pagos, efectivo, giro postal y cheque personal. Algunas empresas nos permitir\u00e1n entrar<br \/>\nla informaci\u00f3n de su tarjeta de cr\u00e9dito; sin embargo, en este momento no aceptamos tarjetas de cr\u00e9dito.<\/p>\n<p><a href=\"http:\/\/shoop-insurance-agency.one.zysites.com\/es\/faq\/\">Volver arriba<\/a><\/p>\n<\/div>\n<div id=\"faq3\" class=\"faq-answer\">\n<h3>\u00bfCu\u00e1les son tus horas de oficina?<\/h3>\n<p>Lunes a Jueves 9am &#8211; 5:30pm y Viernes 9am &#8211; 6pm.<br \/>\nEstamos cerrados en la mayor\u00eda de los d\u00edas festivos principales.<\/p>\n<p><a href=\"http:\/\/shoop-insurance-agency.one.zysites.com\/es\/faq\/\">Volver arriba<\/a><\/p>\n<\/div>\n<div id=\"faq4\" class=\"faq-answer\">\n<h3>\u00bfPuedo enviar mi pago por correo a la oficina?<\/h3>\n<p>Yes, our mailing address is 206 Tenaha Street, Center, TX 75935. Once your payment is received we will post<br \/>\nit to the company&#8217;s website.<\/p>\n<p><a href=\"http:\/\/shoop-insurance-agency.one.zysites.com\/es\/faq\/\">Volver arriba<\/a><\/p>\n<\/div>\n<div id=\"faq5\" class=\"faq-answer-long\">\n<h3>\u00bfQu\u00e9 hago si tengo un accidente automovil\u00edstico?<\/h3>\n<p>Los accidentes ocurren, incluso a los conductores m\u00e1s cuidadosos. Saber qu\u00e9 hacer despu\u00e9s de un accidente le ayudar\u00e1 a<br \/>\nmantener la calma y el control. Debe mantener su registro y comprobante de seguro en su veh\u00edculo.<\/p>\n<h4>Lista de verificaci\u00f3n de accidentes<\/h4>\n<ul>\n<li style=\"list-style-type: none;\">\n<ul>\n<li>Obtenga ayuda para los heridos.<\/li>\n<li>Llame a la polic\u00eda y permanezca en la escena del accidente.<\/li>\n<li>Advierta al tr\u00e1fico que se aproxima, coloque luces de emergencia y bengalas.<\/li>\n<li>No admita la culpa.<\/li>\n<li>Intercambiar nombres, direcciones, n\u00fameros de tel\u00e9fono, marcas de veh\u00edculos, n\u00fameros de licencias de conducir y de veh\u00edculos, y<br \/>\ninformaci\u00f3n de la compa\u00f1\u00eda de seguros y el n\u00famero de p\u00f3liza con todos los conductores.<\/li>\n<li>Obtenga los nombres, direcciones y n\u00fameros de tel\u00e9fono de todos los pasajeros y testigos.<\/li>\n<li>Tome fotograf\u00edas de la escena y los da\u00f1os.<\/li>\n<li>Haga un dibujo aproximado de la escena, que muestre la posici\u00f3n de los autom\u00f3viles y otros detalles.<\/li>\n<li>No discuta el accidente ni firme ning\u00fan documento. Solo responda las preguntas que le haga la polic\u00eda y su<br \/>\nrepresentante de reclamos de la compa\u00f1\u00eda de seguros.<\/li>\n<li>Notifique a su agente de seguros lo antes posible.<\/li>\n<\/ul>\n<\/li>\n<\/ul>\n<p><a href=\"http:\/\/shoop-insurance-agency.one.zysites.com\/es\/faq\/\">Volver arriba<\/a><\/p>\n<\/div>\n<div id=\"faq6\" class=\"faq-answer\">\n<h3>Cuando alquilo un auto, \u00bfdebo comprar la cobertura adicional que ofrece la compa\u00f1\u00eda de alquiler?<\/h3>\n<p>Con la mayor\u00eda de las compa\u00f1\u00edas de seguros, cuando alquila un autom\u00f3vil a su nombre personal, est\u00e1 cubierto autom\u00e1ticamente<br \/>\nbajo su p\u00f3liza de autom\u00f3vil personal actual para los mismos l\u00edmites de cobertura en los EE. UU. y Canad\u00e1. Si usted<br \/>\nno tiene cobertura completa en su p\u00f3liza, entonces debe comprar la cobertura adicional.<\/p>\n<p>Ll\u00e1menos antes de alquilar un autom\u00f3vil para asegurarse de qu\u00e9 cobertura tiene.<\/p>\n<p><a href=\"http:\/\/shoop-insurance-agency.one.zysites.com\/es\/faq\/\">Volver arriba<\/a><\/p>\n<\/div>\n<div id=\"faq7\" class=\"faq-answer\">\n<h3>\u00bfNecesito cobertura de reembolso de alquiler?<\/h3>\n<p>Si tiene un accidente automovil\u00edstico o si le roban su autom\u00f3vil, \u00bfnecesitar\u00e1 un autom\u00f3vil de alquiler mientras su autom\u00f3vil est\u00e1<br \/>\nsiendo reparado o reemplazado? Si lo hace, debe agregar esta cobertura a su p\u00f3liza.<\/p>\n<p>La cobertura de reembolso de alquiler se aplica si tiene un reclamo, no se puede usar para el mantenimiento regular.<\/p>\n<p><a href=\"http:\/\/shoop-insurance-agency.one.zysites.com\/es\/faq\/\">Volver arriba<\/a><\/p>\n<\/div>\n<div id=\"faq8\" class=\"faq-answer\">\n<h3>\u00bfPor qu\u00e9 el costo de reposici\u00f3n de mi casa es diferente al valor de mercado?<\/h3>\n<p>El valor de mercado de una vivienda refleja las condiciones econ\u00f3micas actuales, los impuestos, los distritos escolares, el valor del terreno,<br \/>\nubicaci\u00f3n y otros factores que no tienen nada que ver con el costo real de reconstruir una casa y reemplazarla<br \/>\ntodo su contenido.<\/p>\n<p>Las compa\u00f1\u00edas de seguros tienen en cuenta el tama\u00f1o, los materiales y el costo actual de construcci\u00f3n en su \u00e1rea para<br \/>\npara calcular el costo de reposici\u00f3n.<\/p>\n<p>Con el costo de reemplazo, tendr\u00e1 la cantidad adecuada de cobertura para reconstruir su hogar en caso de un<br \/>\np\u00e9rdida total, no lo que vale en el mercado actual.<\/p>\n<p><a href=\"http:\/\/shoop-insurance-agency.one.zysites.com\/es\/faq\/\">Volver arriba<\/a><\/p>\n<\/div>\n<\/div>\n","protected":false},"excerpt":{"rendered":"<p>\u00bfNecesito una licencia de conducir estatal para obtener un seguro? \u00bfPuedo hacer mis pagos en su oficina? \u00bfCu\u00e1les son tus horas de oficina? \u00bfPuedo enviar mi pago por correo a la oficina? \u00bfQu\u00e9 hago si tengo un accidente automovil\u00edstico? Cuando alquilo un auto, \u00bfdebo comprar la cobertura adicional que ofrece la compa\u00f1\u00eda de alquiler? \u00bfNecesito [&hellip;]<\/p>\n","protected":false},"author":10,"featured_media":0,"parent":0,"menu_order":0,"comment_status":"closed","ping_status":"closed","template":"","meta":{"_acf_changed":false,"_seopress_robots_primary_cat":"0","_seopress_titles_title":"","_seopress_titles_desc":"","_seopress_robots_index":"","_analytify_skip_tracking":false,"footnotes":""},"class_list":["post-2718","page","type-page","status-publish","hentry"],"acf":[],"_links":{"self":[{"href":"https:\/\/www.shoopins.com\/es\/wp-json\/wp\/v2\/pages\/2718","targetHints":{"allow":["GET"]}}],"collection":[{"href":"https:\/\/www.shoopins.com\/es\/wp-json\/wp\/v2\/pages"}],"about":[{"href":"https:\/\/www.shoopins.com\/es\/wp-json\/wp\/v2\/types\/page"}],"author":[{"embeddable":true,"href":"https:\/\/www.shoopins.com\/es\/wp-json\/wp\/v2\/users\/10"}],"replies":[{"embeddable":true,"href":"https:\/\/www.shoopins.com\/es\/wp-json\/wp\/v2\/comments?post=2718"}],"version-history":[{"count":0,"href":"https:\/\/www.shoopins.com\/es\/wp-json\/wp\/v2\/pages\/2718\/revisions"}],"wp:attachment":[{"href":"https:\/\/www.shoopins.com\/es\/wp-json\/wp\/v2\/media?parent=2718"}],"curies":[{"name":"wp","href":"https:\/\/api.w.org\/{rel}","templated":true}]}}